{"id":30,"date":"2024-04-25T21:17:48","date_gmt":"2024-04-25T19:17:48","guid":{"rendered":"https:\/\/giggernilli.ch\/?page_id=30"},"modified":"2024-04-25T22:05:41","modified_gmt":"2024-04-25T20:05:41","slug":"feinsteinzeug-mit-schriftzug","status":"publish","type":"page","link":"https:\/\/giggernilli.ch\/?page_id=30","title":{"rendered":"Galerie"},"content":{"rendered":"\n<p>Schild &#8222;a man&#8217;s home is his castle&#8220;<\/p>\n\n\n\n<figure class=\"wp-block-image size-large\"><img loading=\"lazy\" decoding=\"async\" width=\"770\" height=\"1024\" src=\"https:\/\/giggernilli.ch\/wp-content\/uploads\/2024\/04\/IMG_20160808_184325-edited-770x1024.jpg\" alt=\"\" class=\"wp-image-32\" srcset=\"https:\/\/giggernilli.ch\/wp-content\/uploads\/2024\/04\/IMG_20160808_184325-edited-770x1024.jpg 770w, https:\/\/giggernilli.ch\/wp-content\/uploads\/2024\/04\/IMG_20160808_184325-edited-225x300.jpg 225w, https:\/\/giggernilli.ch\/wp-content\/uploads\/2024\/04\/IMG_20160808_184325-edited-768x1022.jpg 768w, https:\/\/giggernilli.ch\/wp-content\/uploads\/2024\/04\/IMG_20160808_184325-edited.jpg 1059w\" sizes=\"auto, (max-width: 770px) 100vw, 770px\" \/><\/figure>\n\n\n\n<p>Backmischung im Glas f\u00fcr Chocolate Chip Cookies (auch erh\u00e4ltlich f\u00fcr Lebkuchen und f\u00fcr Butterzopf)<\/p>\n\n\n\n<figure class=\"wp-block-image size-large is-resized\"><img loading=\"lazy\" decoding=\"async\" width=\"576\" height=\"1024\" src=\"https:\/\/giggernilli.ch\/wp-content\/uploads\/2024\/04\/Backmischung-Chocolate-Cookies-576x1024.jpg\" alt=\"\" class=\"wp-image-36\" style=\"width:654px;height:auto\" srcset=\"https:\/\/giggernilli.ch\/wp-content\/uploads\/2024\/04\/Backmischung-Chocolate-Cookies-576x1024.jpg 576w, https:\/\/giggernilli.ch\/wp-content\/uploads\/2024\/04\/Backmischung-Chocolate-Cookies-169x300.jpg 169w, https:\/\/giggernilli.ch\/wp-content\/uploads\/2024\/04\/Backmischung-Chocolate-Cookies-768x1365.jpg 768w, https:\/\/giggernilli.ch\/wp-content\/uploads\/2024\/04\/Backmischung-Chocolate-Cookies-864x1536.jpg 864w, https:\/\/giggernilli.ch\/wp-content\/uploads\/2024\/04\/Backmischung-Chocolate-Cookies-1152x2048.jpg 1152w, https:\/\/giggernilli.ch\/wp-content\/uploads\/2024\/04\/Backmischung-Chocolate-Cookies-scaled.jpg 1440w\" sizes=\"auto, (max-width: 576px) 100vw, 576px\" \/><\/figure>\n\n\n\n<p>Leidkarte mit Couvert <\/p>\n\n\n\n<figure class=\"wp-block-image size-large\"><img loading=\"lazy\" decoding=\"async\" width=\"1024\" height=\"893\" src=\"https:\/\/giggernilli.ch\/wp-content\/uploads\/2024\/04\/IMG_20170213_205122-1024x893.jpg\" alt=\"\" class=\"wp-image-41\" srcset=\"https:\/\/giggernilli.ch\/wp-content\/uploads\/2024\/04\/IMG_20170213_205122-1024x893.jpg 1024w, https:\/\/giggernilli.ch\/wp-content\/uploads\/2024\/04\/IMG_20170213_205122-300x262.jpg 300w, https:\/\/giggernilli.ch\/wp-content\/uploads\/2024\/04\/IMG_20170213_205122-768x669.jpg 768w, https:\/\/giggernilli.ch\/wp-content\/uploads\/2024\/04\/IMG_20170213_205122-1536x1339.jpg 1536w, https:\/\/giggernilli.ch\/wp-content\/uploads\/2024\/04\/IMG_20170213_205122-2048x1785.jpg 2048w\" sizes=\"auto, (max-width: 1024px) 100vw, 1024px\" \/><\/figure>\n\n\n\n<p>T\u00fcranh\u00e4nger <\/p>\n\n\n\n<figure class=\"wp-block-image size-large\"><img loading=\"lazy\" decoding=\"async\" width=\"768\" height=\"1024\" src=\"https:\/\/giggernilli.ch\/wp-content\/uploads\/2024\/04\/IMG_20161024_085819-768x1024.jpg\" alt=\"\" class=\"wp-image-42\" srcset=\"https:\/\/giggernilli.ch\/wp-content\/uploads\/2024\/04\/IMG_20161024_085819-768x1024.jpg 768w, https:\/\/giggernilli.ch\/wp-content\/uploads\/2024\/04\/IMG_20161024_085819-225x300.jpg 225w, https:\/\/giggernilli.ch\/wp-content\/uploads\/2024\/04\/IMG_20161024_085819-1152x1536.jpg 1152w, https:\/\/giggernilli.ch\/wp-content\/uploads\/2024\/04\/IMG_20161024_085819-1536x2048.jpg 1536w, https:\/\/giggernilli.ch\/wp-content\/uploads\/2024\/04\/IMG_20161024_085819-scaled.jpg 1920w\" sizes=\"auto, (max-width: 768px) 100vw, 768px\" \/><\/figure>\n\n\n\n<p>Herz-Karte &#8222;my heart is yours&#8220;<\/p>\n\n\n\n<figure class=\"wp-block-image size-large\"><img loading=\"lazy\" decoding=\"async\" width=\"840\" height=\"1024\" src=\"https:\/\/giggernilli.ch\/wp-content\/uploads\/2024\/04\/IMG_0092-840x1024.jpg\" alt=\"\" class=\"wp-image-46\" srcset=\"https:\/\/giggernilli.ch\/wp-content\/uploads\/2024\/04\/IMG_0092-840x1024.jpg 840w, https:\/\/giggernilli.ch\/wp-content\/uploads\/2024\/04\/IMG_0092-246x300.jpg 246w, https:\/\/giggernilli.ch\/wp-content\/uploads\/2024\/04\/IMG_0092-768x936.jpg 768w, https:\/\/giggernilli.ch\/wp-content\/uploads\/2024\/04\/IMG_0092-1260x1536.jpg 1260w, https:\/\/giggernilli.ch\/wp-content\/uploads\/2024\/04\/IMG_0092-1680x2048.jpg 1680w\" sizes=\"auto, (max-width: 840px) 100vw, 840px\" \/><\/figure>\n\n\n\n<p>Gl\u00fcckw\u00fcnsche zur Hochzeit <\/p>\n\n\n\n<figure class=\"wp-block-image size-large\"><img loading=\"lazy\" decoding=\"async\" width=\"1024\" height=\"765\" src=\"https:\/\/giggernilli.ch\/wp-content\/uploads\/2024\/04\/Karte-mit-Herzen-1024x765.jpg\" alt=\"\" class=\"wp-image-48\" srcset=\"https:\/\/giggernilli.ch\/wp-content\/uploads\/2024\/04\/Karte-mit-Herzen-1024x765.jpg 1024w, https:\/\/giggernilli.ch\/wp-content\/uploads\/2024\/04\/Karte-mit-Herzen-300x224.jpg 300w, https:\/\/giggernilli.ch\/wp-content\/uploads\/2024\/04\/Karte-mit-Herzen-768x574.jpg 768w, https:\/\/giggernilli.ch\/wp-content\/uploads\/2024\/04\/Karte-mit-Herzen-1536x1147.jpg 1536w, https:\/\/giggernilli.ch\/wp-content\/uploads\/2024\/04\/Karte-mit-Herzen.jpg 1600w\" sizes=\"auto, (max-width: 1024px) 100vw, 1024px\" \/><\/figure>\n\n\n\n<p>Kochsch\u00fcrze &#8222;Kiss the Cook&#8220; <\/p>\n\n\n\n<figure class=\"wp-block-image size-large\"><img loading=\"lazy\" decoding=\"async\" width=\"1920\" height=\"2560\" src=\"https:\/\/giggernilli.ch\/wp-content\/uploads\/2024\/04\/IMG_20160613_221155-edited-1-scaled.jpg\" alt=\"\" class=\"wp-image-52\" srcset=\"https:\/\/giggernilli.ch\/wp-content\/uploads\/2024\/04\/IMG_20160613_221155-edited-1-scaled.jpg 1920w, https:\/\/giggernilli.ch\/wp-content\/uploads\/2024\/04\/IMG_20160613_221155-edited-1-225x300.jpg 225w, https:\/\/giggernilli.ch\/wp-content\/uploads\/2024\/04\/IMG_20160613_221155-edited-1-768x1024.jpg 768w, https:\/\/giggernilli.ch\/wp-content\/uploads\/2024\/04\/IMG_20160613_221155-edited-1-1152x1536.jpg 1152w, https:\/\/giggernilli.ch\/wp-content\/uploads\/2024\/04\/IMG_20160613_221155-edited-1-1536x2048.jpg 1536w\" sizes=\"auto, (max-width: 1920px) 100vw, 1920px\" \/><\/figure>\n\n\n\n<p>Leidkarte schwarz <\/p>\n\n\n\n<figure class=\"wp-block-image size-large\"><img loading=\"lazy\" decoding=\"async\" width=\"1024\" height=\"768\" src=\"https:\/\/giggernilli.ch\/wp-content\/uploads\/2024\/04\/Vorschau-1024x768.jpg\" alt=\"\" class=\"wp-image-53\" srcset=\"https:\/\/giggernilli.ch\/wp-content\/uploads\/2024\/04\/Vorschau-1024x768.jpg 1024w, https:\/\/giggernilli.ch\/wp-content\/uploads\/2024\/04\/Vorschau-300x225.jpg 300w, https:\/\/giggernilli.ch\/wp-content\/uploads\/2024\/04\/Vorschau-768x576.jpg 768w, https:\/\/giggernilli.ch\/wp-content\/uploads\/2024\/04\/Vorschau-1536x1152.jpg 1536w, https:\/\/giggernilli.ch\/wp-content\/uploads\/2024\/04\/Vorschau-2048x1536.jpg 2048w\" sizes=\"auto, (max-width: 1024px) 100vw, 1024px\" \/><\/figure>\n\n\n\n<p><\/p>\n\n\n\n<p>Beschriftung Schuhschrank<\/p>\n\n\n\n<figure class=\"wp-block-image size-full\"><img loading=\"lazy\" decoding=\"async\" width=\"1920\" height=\"2560\" src=\"https:\/\/giggernilli.ch\/wp-content\/uploads\/2024\/04\/Life-is-better-in-FlipFlops-scaled.jpg\" alt=\"\" class=\"wp-image-55\" srcset=\"https:\/\/giggernilli.ch\/wp-content\/uploads\/2024\/04\/Life-is-better-in-FlipFlops-scaled.jpg 1920w, https:\/\/giggernilli.ch\/wp-content\/uploads\/2024\/04\/Life-is-better-in-FlipFlops-225x300.jpg 225w, https:\/\/giggernilli.ch\/wp-content\/uploads\/2024\/04\/Life-is-better-in-FlipFlops-768x1024.jpg 768w, https:\/\/giggernilli.ch\/wp-content\/uploads\/2024\/04\/Life-is-better-in-FlipFlops-1152x1536.jpg 1152w, https:\/\/giggernilli.ch\/wp-content\/uploads\/2024\/04\/Life-is-better-in-FlipFlops-1536x2048.jpg 1536w\" sizes=\"auto, (max-width: 1920px) 100vw, 1920px\" \/><\/figure>\n\n\n\n<p>Lippenstift-Verpackung mit passender Gl\u00fcckwunschkarte <\/p>\n\n\n\n<figure class=\"wp-block-image size-full is-resized\"><img loading=\"lazy\" decoding=\"async\" width=\"439\" height=\"585\" src=\"https:\/\/giggernilli.ch\/wp-content\/uploads\/2024\/04\/IMG_20180518_130342-edited.jpg\" alt=\"\" class=\"wp-image-57\" style=\"width:650px;height:auto\" srcset=\"https:\/\/giggernilli.ch\/wp-content\/uploads\/2024\/04\/IMG_20180518_130342-edited.jpg 439w, https:\/\/giggernilli.ch\/wp-content\/uploads\/2024\/04\/IMG_20180518_130342-edited-225x300.jpg 225w\" sizes=\"auto, (max-width: 439px) 100vw, 439px\" \/><\/figure>\n\n\n\n<figure class=\"wp-block-image size-full\"><img loading=\"lazy\" decoding=\"async\" width=\"768\" height=\"1024\" src=\"https:\/\/giggernilli.ch\/wp-content\/uploads\/2024\/04\/IMG_20180518_130342_1.jpg\" alt=\"\" class=\"wp-image-58\" srcset=\"https:\/\/giggernilli.ch\/wp-content\/uploads\/2024\/04\/IMG_20180518_130342_1.jpg 768w, https:\/\/giggernilli.ch\/wp-content\/uploads\/2024\/04\/IMG_20180518_130342_1-225x300.jpg 225w\" sizes=\"auto, (max-width: 768px) 100vw, 768px\" \/><\/figure>\n\n\n\n<p>Aufmunterung <\/p>\n\n\n\n<figure class=\"wp-block-image size-full\"><img loading=\"lazy\" decoding=\"async\" width=\"1920\" height=\"2560\" src=\"https:\/\/giggernilli.ch\/wp-content\/uploads\/2024\/04\/Nutella-mit-Loeffel-scaled.jpg\" alt=\"\" class=\"wp-image-61\" srcset=\"https:\/\/giggernilli.ch\/wp-content\/uploads\/2024\/04\/Nutella-mit-Loeffel-scaled.jpg 1920w, https:\/\/giggernilli.ch\/wp-content\/uploads\/2024\/04\/Nutella-mit-Loeffel-225x300.jpg 225w, https:\/\/giggernilli.ch\/wp-content\/uploads\/2024\/04\/Nutella-mit-Loeffel-768x1024.jpg 768w, https:\/\/giggernilli.ch\/wp-content\/uploads\/2024\/04\/Nutella-mit-Loeffel-1152x1536.jpg 1152w, https:\/\/giggernilli.ch\/wp-content\/uploads\/2024\/04\/Nutella-mit-Loeffel-1536x2048.jpg 1536w\" sizes=\"auto, (max-width: 1920px) 100vw, 1920px\" \/><\/figure>\n\n\n\n<p>Pop Up-Karte f\u00fcr Anwalt und J\u00e4ger (deshalb Hirsch und ZGB), Gutschein f\u00fcr Bettw\u00e4sche (Decke kann zur Seite gekippt werden, damit man etwas reinschreiben kann)<\/p>\n\n\n\n<figure class=\"wp-block-image size-large\"><img loading=\"lazy\" decoding=\"async\" width=\"768\" height=\"1024\" src=\"https:\/\/giggernilli.ch\/wp-content\/uploads\/2024\/04\/IMG_1841-768x1024.jpg\" alt=\"\" class=\"wp-image-62\" srcset=\"https:\/\/giggernilli.ch\/wp-content\/uploads\/2024\/04\/IMG_1841-768x1024.jpg 768w, https:\/\/giggernilli.ch\/wp-content\/uploads\/2024\/04\/IMG_1841-225x300.jpg 225w, https:\/\/giggernilli.ch\/wp-content\/uploads\/2024\/04\/IMG_1841-1152x1536.jpg 1152w, https:\/\/giggernilli.ch\/wp-content\/uploads\/2024\/04\/IMG_1841-1536x2048.jpg 1536w, https:\/\/giggernilli.ch\/wp-content\/uploads\/2024\/04\/IMG_1841-scaled.jpg 1920w\" sizes=\"auto, (max-width: 768px) 100vw, 768px\" \/><\/figure>\n\n\n\n<p> Schutzheiliger der Imker, im 3D-Rahmen <\/p>\n\n\n\n<figure class=\"wp-block-image size-full\"><img loading=\"lazy\" decoding=\"async\" width=\"791\" height=\"802\" src=\"https:\/\/giggernilli.ch\/wp-content\/uploads\/2024\/04\/IMG_20160107_152709.jpg\" alt=\"\" class=\"wp-image-63\" srcset=\"https:\/\/giggernilli.ch\/wp-content\/uploads\/2024\/04\/IMG_20160107_152709.jpg 791w, https:\/\/giggernilli.ch\/wp-content\/uploads\/2024\/04\/IMG_20160107_152709-296x300.jpg 296w, https:\/\/giggernilli.ch\/wp-content\/uploads\/2024\/04\/IMG_20160107_152709-768x779.jpg 768w\" sizes=\"auto, (max-width: 791px) 100vw, 791px\" \/><\/figure>\n\n\n\n<p>3D-Rahmen &#8222;Freundinnen&#8220;<\/p>\n\n\n\n<figure class=\"wp-block-image size-large\"><img loading=\"lazy\" decoding=\"async\" width=\"768\" height=\"1024\" src=\"https:\/\/giggernilli.ch\/wp-content\/uploads\/2024\/04\/IMG_20161223_205953-768x1024.jpg\" alt=\"\" class=\"wp-image-65\" srcset=\"https:\/\/giggernilli.ch\/wp-content\/uploads\/2024\/04\/IMG_20161223_205953-768x1024.jpg 768w, https:\/\/giggernilli.ch\/wp-content\/uploads\/2024\/04\/IMG_20161223_205953-225x300.jpg 225w, https:\/\/giggernilli.ch\/wp-content\/uploads\/2024\/04\/IMG_20161223_205953-1152x1536.jpg 1152w, https:\/\/giggernilli.ch\/wp-content\/uploads\/2024\/04\/IMG_20161223_205953-1536x2048.jpg 1536w, https:\/\/giggernilli.ch\/wp-content\/uploads\/2024\/04\/IMG_20161223_205953-scaled.jpg 1920w\" sizes=\"auto, (max-width: 768px) 100vw, 768px\" \/><\/figure>\n\n\n\n<p>Schild &#8222;Hunde &#8211; es spukt&#8220; <\/p>\n\n\n\n<figure class=\"wp-block-image size-full\"><img loading=\"lazy\" decoding=\"async\" width=\"1600\" height=\"828\" src=\"https:\/\/giggernilli.ch\/wp-content\/uploads\/2024\/04\/Unsere-Hunde-duerfen-im-Bett-schlafen.jpg\" alt=\"\" class=\"wp-image-69\" srcset=\"https:\/\/giggernilli.ch\/wp-content\/uploads\/2024\/04\/Unsere-Hunde-duerfen-im-Bett-schlafen.jpg 1600w, https:\/\/giggernilli.ch\/wp-content\/uploads\/2024\/04\/Unsere-Hunde-duerfen-im-Bett-schlafen-300x155.jpg 300w, https:\/\/giggernilli.ch\/wp-content\/uploads\/2024\/04\/Unsere-Hunde-duerfen-im-Bett-schlafen-1024x530.jpg 1024w, https:\/\/giggernilli.ch\/wp-content\/uploads\/2024\/04\/Unsere-Hunde-duerfen-im-Bett-schlafen-768x397.jpg 768w, https:\/\/giggernilli.ch\/wp-content\/uploads\/2024\/04\/Unsere-Hunde-duerfen-im-Bett-schlafen-1536x795.jpg 1536w\" sizes=\"auto, (max-width: 1600px) 100vw, 1600px\" \/><\/figure>\n\n\n\n<p>Schild &#8222;Schokolade ist das Gem\u00fcse f\u00fcr die Seele&#8220; <\/p>\n\n\n\n<figure class=\"wp-block-image size-large\"><img loading=\"lazy\" decoding=\"async\" width=\"1024\" height=\"445\" src=\"https:\/\/giggernilli.ch\/wp-content\/uploads\/2024\/04\/IMG_0111-1024x445.jpg\" alt=\"\" class=\"wp-image-70\" srcset=\"https:\/\/giggernilli.ch\/wp-content\/uploads\/2024\/04\/IMG_0111-1024x445.jpg 1024w, https:\/\/giggernilli.ch\/wp-content\/uploads\/2024\/04\/IMG_0111-300x130.jpg 300w, https:\/\/giggernilli.ch\/wp-content\/uploads\/2024\/04\/IMG_0111-768x334.jpg 768w, https:\/\/giggernilli.ch\/wp-content\/uploads\/2024\/04\/IMG_0111-1536x667.jpg 1536w, https:\/\/giggernilli.ch\/wp-content\/uploads\/2024\/04\/IMG_0111-2048x889.jpg 2048w\" sizes=\"auto, (max-width: 1024px) 100vw, 1024px\" \/><\/figure>\n\n\n\n<p>Teller mit Tierfiguren <\/p>\n\n\n\n<figure class=\"wp-block-image size-full\"><img loading=\"lazy\" decoding=\"async\" width=\"2560\" height=\"1441\" src=\"https:\/\/giggernilli.ch\/wp-content\/uploads\/2024\/04\/IMG_20180430_212152-scaled.jpg\" alt=\"\" class=\"wp-image-75\" srcset=\"https:\/\/giggernilli.ch\/wp-content\/uploads\/2024\/04\/IMG_20180430_212152-scaled.jpg 2560w, https:\/\/giggernilli.ch\/wp-content\/uploads\/2024\/04\/IMG_20180430_212152-300x169.jpg 300w, https:\/\/giggernilli.ch\/wp-content\/uploads\/2024\/04\/IMG_20180430_212152-1024x576.jpg 1024w, https:\/\/giggernilli.ch\/wp-content\/uploads\/2024\/04\/IMG_20180430_212152-768x432.jpg 768w, https:\/\/giggernilli.ch\/wp-content\/uploads\/2024\/04\/IMG_20180430_212152-1536x865.jpg 1536w, https:\/\/giggernilli.ch\/wp-content\/uploads\/2024\/04\/IMG_20180430_212152-2048x1153.jpg 2048w\" sizes=\"auto, (max-width: 2560px) 100vw, 2560px\" \/><\/figure>\n\n\n\n<figure class=\"wp-block-image size-large\"><img loading=\"lazy\" decoding=\"async\" width=\"1024\" height=\"768\" src=\"https:\/\/giggernilli.ch\/wp-content\/uploads\/2024\/04\/IMG_20180430_211954-1024x768.jpg\" alt=\"\" class=\"wp-image-76\" srcset=\"https:\/\/giggernilli.ch\/wp-content\/uploads\/2024\/04\/IMG_20180430_211954-1024x768.jpg 1024w, https:\/\/giggernilli.ch\/wp-content\/uploads\/2024\/04\/IMG_20180430_211954-300x225.jpg 300w, https:\/\/giggernilli.ch\/wp-content\/uploads\/2024\/04\/IMG_20180430_211954-768x576.jpg 768w, https:\/\/giggernilli.ch\/wp-content\/uploads\/2024\/04\/IMG_20180430_211954-1536x1152.jpg 1536w, https:\/\/giggernilli.ch\/wp-content\/uploads\/2024\/04\/IMG_20180430_211954-2048x1536.jpg 2048w\" sizes=\"auto, (max-width: 1024px) 100vw, 1024px\" \/><\/figure>\n\n\n\n<figure class=\"wp-block-image size-large\"><img loading=\"lazy\" decoding=\"async\" width=\"1024\" height=\"576\" src=\"https:\/\/giggernilli.ch\/wp-content\/uploads\/2024\/04\/IMG_20180430_212044-1024x576.jpg\" alt=\"\" class=\"wp-image-77\" srcset=\"https:\/\/giggernilli.ch\/wp-content\/uploads\/2024\/04\/IMG_20180430_212044-1024x576.jpg 1024w, https:\/\/giggernilli.ch\/wp-content\/uploads\/2024\/04\/IMG_20180430_212044-300x169.jpg 300w, https:\/\/giggernilli.ch\/wp-content\/uploads\/2024\/04\/IMG_20180430_212044-768x432.jpg 768w, https:\/\/giggernilli.ch\/wp-content\/uploads\/2024\/04\/IMG_20180430_212044-1536x865.jpg 1536w, https:\/\/giggernilli.ch\/wp-content\/uploads\/2024\/04\/IMG_20180430_212044-2048x1153.jpg 2048w\" sizes=\"auto, (max-width: 1024px) 100vw, 1024px\" \/><\/figure>\n\n\n\n<figure class=\"wp-block-image size-large\"><img loading=\"lazy\" decoding=\"async\" width=\"1024\" height=\"576\" src=\"https:\/\/giggernilli.ch\/wp-content\/uploads\/2024\/04\/IMG_20180430_212207-1024x576.jpg\" alt=\"\" class=\"wp-image-78\" srcset=\"https:\/\/giggernilli.ch\/wp-content\/uploads\/2024\/04\/IMG_20180430_212207-1024x576.jpg 1024w, https:\/\/giggernilli.ch\/wp-content\/uploads\/2024\/04\/IMG_20180430_212207-300x169.jpg 300w, https:\/\/giggernilli.ch\/wp-content\/uploads\/2024\/04\/IMG_20180430_212207-768x432.jpg 768w, https:\/\/giggernilli.ch\/wp-content\/uploads\/2024\/04\/IMG_20180430_212207-1536x865.jpg 1536w, https:\/\/giggernilli.ch\/wp-content\/uploads\/2024\/04\/IMG_20180430_212207-2048x1153.jpg 2048w\" sizes=\"auto, (max-width: 1024px) 100vw, 1024px\" \/><\/figure>\n\n\n\n<figure class=\"wp-block-image size-large\"><img loading=\"lazy\" decoding=\"async\" width=\"1024\" height=\"576\" src=\"https:\/\/giggernilli.ch\/wp-content\/uploads\/2024\/04\/IMG_20180430_212218-1024x576.jpg\" alt=\"\" class=\"wp-image-79\" srcset=\"https:\/\/giggernilli.ch\/wp-content\/uploads\/2024\/04\/IMG_20180430_212218-1024x576.jpg 1024w, https:\/\/giggernilli.ch\/wp-content\/uploads\/2024\/04\/IMG_20180430_212218-300x169.jpg 300w, https:\/\/giggernilli.ch\/wp-content\/uploads\/2024\/04\/IMG_20180430_212218-768x432.jpg 768w, https:\/\/giggernilli.ch\/wp-content\/uploads\/2024\/04\/IMG_20180430_212218-1536x865.jpg 1536w, https:\/\/giggernilli.ch\/wp-content\/uploads\/2024\/04\/IMG_20180430_212218-2048x1153.jpg 2048w\" sizes=\"auto, (max-width: 1024px) 100vw, 1024px\" \/><\/figure>\n\n\n\n<p>Baby-Pullover personalisiert <\/p>\n\n\n\n<figure class=\"wp-block-image size-large\"><img loading=\"lazy\" decoding=\"async\" width=\"768\" height=\"1024\" src=\"https:\/\/giggernilli.ch\/wp-content\/uploads\/2024\/04\/IMG_20160214_211801-768x1024.jpg\" alt=\"\" class=\"wp-image-81\" srcset=\"https:\/\/giggernilli.ch\/wp-content\/uploads\/2024\/04\/IMG_20160214_211801-768x1024.jpg 768w, https:\/\/giggernilli.ch\/wp-content\/uploads\/2024\/04\/IMG_20160214_211801-225x300.jpg 225w, https:\/\/giggernilli.ch\/wp-content\/uploads\/2024\/04\/IMG_20160214_211801-1152x1536.jpg 1152w, https:\/\/giggernilli.ch\/wp-content\/uploads\/2024\/04\/IMG_20160214_211801-1536x2048.jpg 1536w, https:\/\/giggernilli.ch\/wp-content\/uploads\/2024\/04\/IMG_20160214_211801-scaled.jpg 1920w\" sizes=\"auto, (max-width: 768px) 100vw, 768px\" \/><\/figure>\n\n\n\n<p>Damen Shirt &#8222;Nash\u00f6rner&#8220; <\/p>\n\n\n\n<figure class=\"wp-block-image size-large\"><img loading=\"lazy\" decoding=\"async\" width=\"1024\" height=\"1024\" src=\"https:\/\/giggernilli.ch\/wp-content\/uploads\/2024\/04\/Nashoerner-1024x1024.jpg\" alt=\"\" class=\"wp-image-83\" srcset=\"https:\/\/giggernilli.ch\/wp-content\/uploads\/2024\/04\/Nashoerner-1024x1024.jpg 1024w, https:\/\/giggernilli.ch\/wp-content\/uploads\/2024\/04\/Nashoerner-300x300.jpg 300w, https:\/\/giggernilli.ch\/wp-content\/uploads\/2024\/04\/Nashoerner-150x150.jpg 150w, https:\/\/giggernilli.ch\/wp-content\/uploads\/2024\/04\/Nashoerner-768x768.jpg 768w, https:\/\/giggernilli.ch\/wp-content\/uploads\/2024\/04\/Nashoerner-1536x1536.jpg 1536w, https:\/\/giggernilli.ch\/wp-content\/uploads\/2024\/04\/Nashoerner-2048x2048.jpg 2048w\" sizes=\"auto, (max-width: 1024px) 100vw, 1024px\" \/><\/figure>\n\n\n\n<p>Shirt &#8222;I said a hip hop the hippie&#8220; <\/p>\n\n\n\n<figure class=\"wp-block-image size-large\"><img loading=\"lazy\" decoding=\"async\" width=\"768\" height=\"1024\" src=\"https:\/\/giggernilli.ch\/wp-content\/uploads\/2024\/04\/I-SAID-A-HIP-HOP-768x1024.jpg\" alt=\"\" class=\"wp-image-84\" srcset=\"https:\/\/giggernilli.ch\/wp-content\/uploads\/2024\/04\/I-SAID-A-HIP-HOP-768x1024.jpg 768w, https:\/\/giggernilli.ch\/wp-content\/uploads\/2024\/04\/I-SAID-A-HIP-HOP-225x300.jpg 225w, https:\/\/giggernilli.ch\/wp-content\/uploads\/2024\/04\/I-SAID-A-HIP-HOP-1152x1536.jpg 1152w, https:\/\/giggernilli.ch\/wp-content\/uploads\/2024\/04\/I-SAID-A-HIP-HOP-1536x2048.jpg 1536w, https:\/\/giggernilli.ch\/wp-content\/uploads\/2024\/04\/I-SAID-A-HIP-HOP-scaled.jpg 1920w\" sizes=\"auto, (max-width: 768px) 100vw, 768px\" \/><\/figure>\n\n\n\n<p>Shirt &#8222;Dunkle Seite der Macht&#8220; <\/p>\n\n\n\n<figure class=\"wp-block-image size-large\"><img loading=\"lazy\" decoding=\"async\" width=\"1920\" height=\"2560\" src=\"https:\/\/giggernilli.ch\/wp-content\/uploads\/2024\/04\/Dunkle-Seite-Montag-edited-1-scaled.jpg\" alt=\"\" class=\"wp-image-87\" srcset=\"https:\/\/giggernilli.ch\/wp-content\/uploads\/2024\/04\/Dunkle-Seite-Montag-edited-1-scaled.jpg 1920w, https:\/\/giggernilli.ch\/wp-content\/uploads\/2024\/04\/Dunkle-Seite-Montag-edited-1-225x300.jpg 225w, https:\/\/giggernilli.ch\/wp-content\/uploads\/2024\/04\/Dunkle-Seite-Montag-edited-1-768x1024.jpg 768w, https:\/\/giggernilli.ch\/wp-content\/uploads\/2024\/04\/Dunkle-Seite-Montag-edited-1-1152x1536.jpg 1152w, https:\/\/giggernilli.ch\/wp-content\/uploads\/2024\/04\/Dunkle-Seite-Montag-edited-1-1536x2048.jpg 1536w\" sizes=\"auto, (max-width: 1920px) 100vw, 1920px\" \/><\/figure>\n\n\n\n<p>Weihnachts-Anti-Stress in der T\u00fcte <\/p>\n\n\n\n<figure class=\"wp-block-image size-large\"><img loading=\"lazy\" decoding=\"async\" width=\"1024\" height=\"768\" src=\"https:\/\/giggernilli.ch\/wp-content\/uploads\/2024\/04\/Weihnachten-Anti-Stress-in-der-Tuete-1024x768.jpg\" alt=\"\" class=\"wp-image-90\" srcset=\"https:\/\/giggernilli.ch\/wp-content\/uploads\/2024\/04\/Weihnachten-Anti-Stress-in-der-Tuete-1024x768.jpg 1024w, https:\/\/giggernilli.ch\/wp-content\/uploads\/2024\/04\/Weihnachten-Anti-Stress-in-der-Tuete-300x225.jpg 300w, https:\/\/giggernilli.ch\/wp-content\/uploads\/2024\/04\/Weihnachten-Anti-Stress-in-der-Tuete-768x576.jpg 768w, https:\/\/giggernilli.ch\/wp-content\/uploads\/2024\/04\/Weihnachten-Anti-Stress-in-der-Tuete-1536x1152.jpg 1536w, https:\/\/giggernilli.ch\/wp-content\/uploads\/2024\/04\/Weihnachten-Anti-Stress-in-der-Tuete.jpg 2048w\" sizes=\"auto, (max-width: 1024px) 100vw, 1024px\" \/><\/figure>\n\n\n\n<p><\/p>\n","protected":false},"excerpt":{"rendered":"<p>Schild &#8222;a man&#8217;s home is his castle&#8220; Backmischung im Glas f\u00fcr Chocolate Chip Cookies (auch erh\u00e4ltlich f\u00fcr Lebkuchen und f\u00fcr Butterzopf) Leidkarte mit Couvert T\u00fcranh\u00e4nger Herz-Karte &#8222;my heart is yours&#8220; Gl\u00fcckw\u00fcnsche zur Hochzeit Kochsch\u00fcrze &#8222;Kiss the Cook&#8220; Leidkarte schwarz Beschriftung Schuhschrank Lippenstift-Verpackung mit passender Gl\u00fcckwunschkarte Aufmunterung Pop Up-Karte f\u00fcr Anwalt und J\u00e4ger (deshalb Hirsch und [&hellip;]<\/p>\n","protected":false},"author":1,"featured_media":0,"parent":0,"menu_order":0,"comment_status":"closed","ping_status":"closed","template":"","meta":{"footnotes":""},"class_list":["post-30","page","type-page","status-publish","hentry"],"_links":{"self":[{"href":"https:\/\/giggernilli.ch\/index.php?rest_route=\/wp\/v2\/pages\/30","targetHints":{"allow":["GET"]}}],"collection":[{"href":"https:\/\/giggernilli.ch\/index.php?rest_route=\/wp\/v2\/pages"}],"about":[{"href":"https:\/\/giggernilli.ch\/index.php?rest_route=\/wp\/v2\/types\/page"}],"author":[{"embeddable":true,"href":"https:\/\/giggernilli.ch\/index.php?rest_route=\/wp\/v2\/users\/1"}],"replies":[{"embeddable":true,"href":"https:\/\/giggernilli.ch\/index.php?rest_route=%2Fwp%2Fv2%2Fcomments&post=30"}],"version-history":[{"count":4,"href":"https:\/\/giggernilli.ch\/index.php?rest_route=\/wp\/v2\/pages\/30\/revisions"}],"predecessor-version":[{"id":94,"href":"https:\/\/giggernilli.ch\/index.php?rest_route=\/wp\/v2\/pages\/30\/revisions\/94"}],"wp:attachment":[{"href":"https:\/\/giggernilli.ch\/index.php?rest_route=%2Fwp%2Fv2%2Fmedia&parent=30"}],"curies":[{"name":"wp","href":"https:\/\/api.w.org\/{rel}","templated":true}]}}